{"id":2,"date":"2013-01-31T13:49:47","date_gmt":"2013-01-31T13:49:47","guid":{"rendered":"http:\/\/punaseetri.com\/?page_id=2"},"modified":"2013-01-31T14:43:48","modified_gmt":"2013-01-31T14:43:48","slug":"sample-page","status":"publish","type":"page","link":"https:\/\/punaseetri.com\/","title":{"rendered":"Miksi punaseetri"},"content":{"rendered":"<p>Pieni\u00a0 paketti sis\u00e4lt\u00e4\u00e4: Punainen Setri\u00f6ljy, 75ml \u00a0pumppupullo + 4 kpl Punasetri lohkoja + Vaatekoi ansa.T\u00e4ydellinen yhdistelm\u00e4 miss\u00e4 on Punasetri lohkoja, Punasetri \u00f6ljy ja Vaatekoiansa!<\/p>\n<p>Sis\u00e4lt\u00e4\u00e4 1 kpl Vaatekoi ansa\/ pahvilaatikko ja sis\u00e4lt\u00e4\u00e4 liimalevyn, miss\u00e4 on feromonit, t\u00e4ysin hajuton\/myrkyt\u00f6n ja kest\u00e4\u00e4 noin 12 viikkoa.<\/p>\n<p>Aikaas\u00e4\u00e4st\u00e4v\u00e4\u00e4 spray pumppu.<\/p>\n<p>Punainen Setri\u00f6ljy pit\u00e4isi k\u00e4ytt\u00e4\u00e4 Punasetri lohkojen kanssa, kuin silloin k\u00e4ytt\u00e4\u00e4 parhaalla mahdollisella tavalla, kun eteeriset \u00f6ljyt ovat haihtuvia.<\/p>\n<p>Ota mielell\u00e4\u00e4n kaikki huoneet kerralla!<\/p>\n<p>Suihkuta Punasetri \u00f6ljy\u00e4 pitkin lattialistoja ja muita \u201d piilotus paikkoja\u201d. S\u00e4ngyn ja sohvan alla, miss\u00e4 vaan \u00a0viet\u00e4t paljon aikaa.<\/p>\n<p>Yksi pullo sis\u00e4lt\u00e4\u00e4 75ml, v\u00e4kev\u00f6ity 100% Punasetri \u00f6ljy\u00e4, ilman kemiallisia lis\u00e4aineita.<\/p>\n<p>Punainen setri\u00f6ljy on eteerinen \u00f6ljy, jota kutsutaan my\u00f6s \u201d aromaattinen \u00f6ljy\u201d. 100% luonnollinen Punasetri puusta, \u00a0ilman kemiallisia lis\u00e4aineita.<\/p>\n<p>Ved\u00e4 sis\u00e4puolelta\/ tipahtaa tippua esim. kaikki kaapit ja laatikot, vaatekaapit ja muut paikat. Puna setri \u00f6ljy on my\u00f6s tehokas jos haluaa\u2026<\/p>\n<p>Uudistaa\u00a0 Setrituoksun. Laita niin paljon, ett\u00e4 huomaa tuoksun \u00a0itse, Punasetri lohkojen p\u00e4lle.<\/p>\n<p>Punasetri lohkot voi edullisesti laittaa esim. kaikki vaatekaapit ja muut paikat. Keitti\u00f6kaapit ja jalkalistat ja nurkat. Hiekka hienolla hiekkapaperilla, kaksi tai kolme kertaa vuodessa kun tuoksu haihtuu. Paketti sis\u00e4lt\u00e4\u00e4\u2026<\/p>\n<p>Vaatekoiansa on pahvilaatikko ja sis\u00e4lt\u00e4\u00e4 liimalevyn, miss\u00e4 on feromonit. Sinne mene koi urokset ja tarttu kiinni liiman. Kun koi urokset\u2026saapuu ansaan, kun ne luule ett\u00e4 siell\u00e4 on koi naarasta. Silloin ne v\u00e4hene kun ne tarttu kiinni liiman.<\/p>\n<p>Sinne tarttu torakkat, koi perhoset ja turkiskuoriaiset.T\u00e4m\u00e4 vaatekoi ansa on erinomainen t\u00e4ydennys punasetriin kanssa. Mitat; noin 11*20cm.<\/p>\n<p>Pieniin tiloihin. Punainen setri\u00f6ljy on eteerinen \u00f6ljy, jota kutsutaan my\u00f6s \u201d aromaattinen \u00f6ljy\u201d. 100% luonnollinen Punasetri puusta,\u00a0 ilman kemiallisia lis\u00e4aineita.<\/p>\n<p>Ved\u00e4 sis\u00e4puolelta\/ tipahtaa tippua esim. kaikki kaapit ja laatikot, vaatekaapit \u00a0ja muita \u201d piilotus paikkoja\u201d.<\/p>\n<p>Tipahtaa Punasetri \u00f6ljy\u00e4 pumpulipallon p\u00e4\u00e4lle, r\u00e4ttiin tai sienen\u00a0 p\u00e4\u00e4lle, ved\u00e4 jalkalistat ja laatat kylpyhuones ja keitti\u00f6s.<\/p>\n<p>Puna setri \u00f6ljy on my\u00f6s tehokas jos haluaa uudistaa\u00a0 setrituoksun. Laita niin paljon, ett\u00e4 huomaa tuoksun \u00a0itse, Punasetri lohkojen p\u00e4lle kun eteeriset \u00f6ljyt ovat haihtuvia. \u00a0Punainen setri\u00f6ljy on eteerinen \u00f6ljy, jota kutsutaan my\u00f6s \u201d aromaattinen \u00f6ljy\u201d.<\/p>\n<p>Yksi pullo sis\u00e4lt\u00e4\u00e4 30ml, v\u00e4kev\u00f6ity 100% Punasetri \u00f6ljy\u00e4, ilman kemiallisia lis\u00e4aineita. Ker\u00e4tty tislaamalla monia tekniikoita.<\/p>\n<p>Pieni\u00a0 paketti sis\u00e4lt\u00e4\u00e4: Punainen Setri\u00f6ljy, 75ml\u00a0 pumppupullo + 4 kpl Punasetri lohkoja + Hopea kala jaTorakka ansa.T\u00e4ydellinen yhdistelm\u00e4 miss\u00e4 on Punasetri lohkoja, Punasetri \u00f6ljy ja Hopea kala ja Torakka ansa!<\/p>\n<p>Ansapaketti sis\u00e4lt\u00e4\u00e4 6 kpl miss\u00e4 on sy\u00f6tti, on hajuton\/ myrkyt\u00f6n ja kest\u00e4 v\u00e4hint\u00e4\u00e4n 4 viikkoa.<\/p>\n<p>Punasetripallot\u00a0 on kiva pit\u00e4 taskussa vaatekapissa tai vaatelatikossa. Punasetri pallot kest\u00e4 monta vuotta, mutta \u00a0hiekka hienolla hiekkapaperilla, kaksi tai kolme kertaa vuodessa kun tuoksu haihtuu. Paketti sis\u00e4lt\u00e4\u00e4 15 kpl Punasetri \u00a0palloja.<\/p>\n<p>Tiputtaa\u00a0 Punasetri pallojen p\u00e4\u00e4lle, kuin silloin k\u00e4ytt\u00e4\u00e4 parhaalla mahdollisella tavalla ja uudistaa\u00a0 Setrituoksun.<\/p>\n<p>Punasetri pallot on noin 2,5 cm halkaisija.<\/p>\n<p>Punainen Setri\u00f6ljy pit\u00e4isi k\u00e4ytt\u00e4\u00e4 Punasetri puun kanssa, kuin silloin k\u00e4ytt\u00e4\u00e4 parhaalla mahdollisella tavalla.<\/p>\n<p>Punasetri renkaat voi\u00a0 erinomaisesti laitta vaateripustimeen.<\/p>\n<p>Tiputtaa\u00a0 Punasetri renkaaten p\u00e4\u00e4lle, kuin silloin k\u00e4ytt\u00e4\u00e4 parhaalla mahdollisella tavalla ja uudistaa\u00a0 setrituoksun. Paketti sis\u00e4lt\u00e4\u00e4 6 kpl Punasetri \u00a0renkaata.<\/p>\n<p>Punainen Setri\u00f6ljy pit\u00e4isi k\u00e4ytt\u00e4\u00e4 Punasetri puun kanssa, kuin silloin k\u00e4ytt\u00e4\u00e4 parhaalla mahdollisella tavalla.<\/p>\n<p>Vaatekoiansa on pahvilaatikko ja sis\u00e4lt\u00e4\u00e4 liimalevyn, miss\u00e4 on feromonit. Sinne mene Koi urokset ja tarttu kiinni liiman. Kun Koi urokset \u00a0saapuu ansaan, kun ne luule ett\u00e4 siell\u00e4 on Koi naarasta. Silloin ne v\u00e4hene kun ne tarttu kiinni liiman.<\/p>\n<p>Sinne tarttu Torakkat, Koi perhoset jaTurkiskuoriaiset.T\u00e4m\u00e4 vaatekoi ansa on erinomainen t\u00e4ydennys Punasetriin kanssa. Mitat; noin 11*20cm.<\/p>\n<p>Hopea kala ja Torakka ansa sis\u00e4lt\u00e4\u00e4 6 kpl pahvilaatikkoa miss\u00e4 on liimalevy\/feromonin kanssa. Torakka ja Hopea kala urokset luule ett\u00e4 siell\u00e4 on Torakka-\u00a0 Hopeakala naaras. Siell\u00e4 ne j\u00e4\u00e4 kiinni liiman, urokset. \u00a0Silloin ne v\u00e4hene kun ne tarttu kiinni liiman.<\/p>\n<p>T\u00e4m\u00e4 Torakka ja Hopea kala ansa on erinomainen t\u00e4ydennys Punasetriin kanssa. Mitat; noin 11*20cm. 3-5 ansa noin 10 neli\u00f6n, sitten 1-2 ansa noin 10 neli\u00f6n kun on v\u00e4hentynyt.<\/p>\n<p>Ansapaketti sis\u00e4lt\u00e4\u00e4 6 kpl miss\u00e4 on sy\u00f6tti, on hajuton\/ myrkyt\u00f6n ja kest\u00e4 v\u00e4hint\u00e4\u00e4n 4 viikkoa.<\/p>\n<p>Punasetri syd\u00e4met on kiva pit\u00e4 taskussa vaatekapissa tai vaatelatikossa.On kivoja laittaa mihink\u00e4 vaan halua. Puna setri syd\u00e4met kest\u00e4 monta vuotta, mutta \u00a0hinkkaa hienolla hiekkapaperilla, kaksi tai kolme kertaa vuodessa kun tuoksu haihtuu.<\/p>\n<p>Punainen Setri\u00f6ljy pit\u00e4isi k\u00e4ytt\u00e4\u00e4 Punasetri puun kanssa, kuin silloin k\u00e4ytt\u00e4\u00e4 parhaalla mahdollisella tavalla.<\/p>\n<p>Paketti sis\u00e4lt\u00e4\u00e4 15 kpl, Punasetri \u00a0syd\u00e4met on noin 3*2,5*1 cm.<\/p>\n<p>Paketer inneh\u00e5ller 15st R\u00f6dceder kuber,\u00a0 2*2*2 cm.<\/p>\n<p>Punasetri kuutiot voi laitta niin kuin syd\u00e4met ja hyllylle tai mihink\u00e4 tykk\u00e4. \u00a0Punasetri kuutiot kest\u00e4 monta vuotta, mutta \u00a0hinkkaa hienolla hiekkapaperilla, kaksi tai kolme kertaa vuodessa kun tuoksu haihtuu.<\/p>\n<p>Punainen Setri\u00f6ljy pit\u00e4isi k\u00e4ytt\u00e4\u00e4 Punasetri puun kanssa, kuin silloin k\u00e4ytt\u00e4\u00e4 parhaalla mahdollisella tavalla.<\/p>\n<p>Paketti sis\u00e4lt\u00e4\u00e4 15 kpl, Punasetri kuutiot on noin 2*2*2 cm.<\/p>\n<p>Punasetri\u00a0 lastut\u00a0 pussisa on kiva laitta jos saappaat tai keng\u00e4t on kostunut, haisee huonollta. Tai pit\u00e4\u00a0 urheilulaukkus, reppus. Punasetri lastut pussisa on sen kokosia ett\u00e4 sopii kaikihin kengiin tai saappaaisin. Vie kosteutta ja hajua pois. Punasetri lastut pussia voi\u00a0 erinomaisesti laitta vaateripustimeen , kylpyhuoneseen tai p\u00f6yd\u00e4lle kulhoon, tippota miellell\u00e4 Punasetri \u00f6ljya p\u00e4lle ett\u00e4 tunnet tuoksun.<\/p>\n<p>Punainen Setri\u00f6ljy pit\u00e4isi k\u00e4ytt\u00e4\u00e4 Punasetri puun kanssa, kuin silloin k\u00e4ytt\u00e4\u00e4 parhaalla mahdollisella tavalla.<\/p>\n<p>Paketti sis\u00e4lt\u00e4: 2 pussia noin 5*20 cm.<\/p>\n<p>Punasetri levy koukkun kanssa\u00a0 sopii hyvin\u00a0 vaatekaapiin tai eteiseen. Kivan pieni otta mukaan reisulle tai m\u00f6kille.<\/p>\n<p>Punasetri levy kest\u00e4 monta vuotta, mutta \u00a0hinkkaa hienolla hiekkapaperilla, kaksi tai kolme kertaa vuodessa kun tuoksu haihtuu.<\/p>\n<p>Punainen Setri\u00f6ljy pit\u00e4isi k\u00e4ytt\u00e4\u00e4 Punasetri puun kanssa, kuin silloin k\u00e4ytt\u00e4\u00e4 parhaalla mahdollisella tavalla.<\/p>\n<p>Jos laitat Punasetri \u00f6ljy\u00e4, ole varovaanen textilien kanssa. Ett\u00e4 ej tole \u00f6ljypl\u00e4tti\u00e4!<\/p>\n<p>1 kpl. Punasetri levy koukkun kanssa, mittat levy: 10,5*7,5*2 cm (koukkun kanssa: 17,5 cm)<\/p>\n<p>Lampaanvillasta taivuttaava p\u00f6lyrokkari mill\u00e4 ylettyy paremmin joka paikkaan. Sihen voi laittaa pirennysvarren jos ruuva varren pois. Pirennysvarsi on noin 180 cm lis\u00e4ksi, jos tarvitse. (Tilaa eriksi)<\/p>\n<p>Luonnollinen \u00f6ljy lampanvillas sitoo kaikki p\u00f6lyt ett\u00e4 ne ej levi\u00e4 vaan.<\/p>\n<p>K\u00e4sipesu ja tippua kuivaksi, varovasti harjata. Noin 40 cm pitk\u00e4.<\/p>\n<p>Punasetri vaateripustin, k\u00e4ytt\u00e4\u00e4 eteises tai vaatekaapis. Punasetri ripustin kest\u00e4 monta vuotta, mutta hinkkaa hienolla hiekkapaperilla, kaksi tai kolme kertaa vuodessa kun tuoksu haihtuu.<\/p>\n<p>Jos laitat Punasetri \u00f6ljy\u00e4, ole varovaanen textilien kanssa. Ett\u00e4 ej tole \u00f6ljypl\u00e4tti\u00e4!<\/p>\n<p>Punasetri vaateripustin mittaa noin: 44*25*2 cm koukkun kanssa.<\/p>\n<p>Ruokakoi ansa. Ruokakoi urokset tarttuu liimalevyn p\u00e4lle kun ne luule ett\u00e4 on koi naaras, kun levys on koi naaras feromonia. Urokset tarttuu ja ruokakoit v\u00e4henee sill\u00e4 lailla. Pane levyt sinne miss\u00e4 koita on n\u00e4kynyyt, ej ikkunan vetoon. Keiti\u00f6nkappiin esm.<\/p>\n<p>Ansapaketti sis\u00e4lt\u00e4\u00e4 3 kpl miss\u00e4 on feromoni, on hajuton ja myrkyt\u00f6n,\u00a0 kest\u00e4 v\u00e4hint\u00e4\u00e4n 8 viikkoa.<\/p>\n<p>Suosistellaan\u00a0 Ekologia lehti \u201d\u00d6kotest\u201d Saksassa.<\/p>\n<p>Tyhji\u00f6 varastointi erinomainen\u00a0 kun laittaa peitot ja tyynyt. S\u00e4\u00e4st\u00e4\u00e4 75% tilaa!<\/p>\n<p>Ilamatiivis yleinen venttiili, perinteinen p\u00f6lynimuri sopii.<\/p>\n<p>Suojaa: kosteudelta, p\u00f6lylt\u00e4, hometta , lika ja huono haju.<\/p>\n<p>On my\u00f6s tehokas jos haluaa t\u00e4ydent\u00e4\u00e4 Punasetri renkaaten kanssa.<\/p>\n<p>Tilavuus: 210 L. Vakuumis\u00e4ilytys \u00a0Jumbo XXL<\/p>\n<p>Mittat: \u00a0L 65 cm, K 27 cm, S 50cm.<\/p>\n<p>Tyhji\u00f6 varastointi erinomainen\u00a0 kun laittaa peitot ja tyynyt. S\u00e4\u00e4st\u00e4\u00e4 75% tilaa!<\/p>\n<p>Optimaalinen varastointi vaatekaappiin. Imu pois ilman p\u00f6lynimurilla, noin 15 sekunti vaan.<\/p>\n<p>Ilmatiivis yleinen venttiili, perinteinen p\u00f6lynimuri sopii.<\/p>\n<p>Suojaa: kosteudelta, p\u00f6lylt\u00e4, hometta , lika ja huono haju.<\/p>\n<p>On my\u00f6s tehokas jos haluaa t\u00e4ydent\u00e4\u00e4 Punasetri renkaaten kanssa.<\/p>\n<p>Tilavuus: 125 L, Vakuumis\u00e4ilytys \u00a0Medium.<\/p>\n<p>Mittat: L 42 cm, K 25 cm, S 40 cm.<\/p>\n<p>Luftt\u00e4ta vakuump\u00e5sar Clear. Vakuump\u00e5sen skyddar dina kl\u00e4der och sparar upp till 75% volym. Anv\u00e4ndas enkelt med hj\u00e4lp av en dammsugare. Perfekt att f\u00f6rvara kl\u00e4der, kuddar etc.<\/p>\n<p>Anv\u00e4nd g\u00e4rna dammsugar munstycke f\u00f6r att optimalt minimera volymen. Universalventil som fungerar med de flesta dammsugar munstycken, mycket enkel att anv\u00e4nda.<\/p>\n<p>Skyddar mot: Fukt, damm, smuts, m\u00f6gel, d\u00e5lig lukt.<\/p>\n<p>Komplettera g\u00e4rna med R\u00f6dcederringar f\u00f6r att f\u00f6rebygga mot P\u00e4ls\u00e4ngrar i din vakuumf\u00f6rvaring.<\/p>\n<p>Paket inneh\u00e5ller:1 st 55*90 cm Vakuum p\u00e5se Medium, 1 st 80*100 cm Vakuum p\u00e5se Large.<\/p>\n<p>Tyhji\u00f6 varastointi Clear, \u00a0erinomainen\u00a0 kun laittaa vaateet ja tyynyt. S\u00e4\u00e4st\u00e4\u00e4 75% tilaa!<\/p>\n<p>Optimaalinen varastointi vaatekaappiin. \u00a0Imu pois ilman p\u00f6lynimurilla<\/p>\n<p>Ilmatiivis yleinen venttiili, perinteinen p\u00f6lynimuri sopii. .<\/p>\n<p>Suojaa: kosteudelta, p\u00f6lylt\u00e4, hometta , lika ja huono haju.<\/p>\n<p>On my\u00f6s tehokas jos haluaa t\u00e4ydent\u00e4\u00e4 Punasetri renkaaten kanssa.<\/p>\n<p>Paketti sis\u00e4lt\u00e4\u00e4: 1 kpl 55*90 cm\u00a0 Vakuumis\u00e4ilytys\u00a0 Medium ,\u00a0 1 kpl 80*100 cm Vakuumis\u00e4ilytys Large.<\/p>\n<p>Tyhji\u00f6 varastointi Compact Express, \u00a0erinomainen\u00a0 kun laittaa vaateet\u00a0 kun l\u00e4htee reisulle, reppuun, laivalle tai kotona. S\u00e4\u00e4st\u00e4\u00e4 75% tilaa!<\/p>\n<p>Ei tarvitse p\u00f6lyimuria, puristat vaan ilman ulos, oikeen helppo k\u00e4ytt\u00e4\u00e4.<\/p>\n<p>Suojaa: kosteudelta, p\u00f6lylt\u00e4, hometta , lika ja huono haju.<\/p>\n<p>On my\u00f6s tehokas jos haluaa t\u00e4ydent\u00e4\u00e4 Punasetri renkaaten kanssa.<\/p>\n<p>Mittat:\u00a0 30*50*60 cm. Vakuumis\u00e4ilytys Compact \u00a0Express Small, 1 kpl.<\/p>\n<p>Tyhji\u00f6 varastointi pussia Roll-Up Jet ,\u00a0 erinomainen\u00a0 kun laittaa vaateet\u00a0 kun l\u00e4htee reisulle, reppuun, laivalle tai kotona. S\u00e4\u00e4st\u00e4\u00e4 75% tilaa!<\/p>\n<p>Ei tarvitse p\u00f6lyimuria, tarvitse vaan rullata ilman ulos, oikeen helppo k\u00e4ytt\u00e4\u00e4.<\/p>\n<p>Suojaa: kosteudelta, p\u00f6lylt\u00e4, hometta , lika ja huono haju.<\/p>\n<p>On my\u00f6s tehokas jos haluaa t\u00e4ydent\u00e4\u00e4 Punasetri renkaaten kanssa.<\/p>\n<p>&nbsp;<\/p>\n<p>Paketti sis\u00e4lt\u00e4\u00e4: 2 kpl\u00a0 Vakuumis\u00e4ilytys pussia Roll-Up Jet, Mittat: 45 cm x L 65 cm, Medium.<\/p>\n<p>Vesi ja ilmatiivis Vakuumis\u00e4ilytys Compactor Clear, helpoo ripustaa kun pussis on koukkut. Ne voi laittaa latikkoon my\u00f6s jos ej halua laittaa riipumaan.\u00a0 S\u00e4\u00e4st\u00e4\u00e4 75% tilaa!<\/p>\n<p>Ei tarvitse p\u00f6lyimuria, puristat vaan ilman ulos, oikeen helppo k\u00e4ytt\u00e4\u00e4. Tai jos haluaa, . \u00a0Imu pois ilman p\u00f6lynimurilla. Ilmatiivis yleinen venttiili, perinteinen p\u00f6lynimuri sopii.<\/p>\n<p>Kivan sopivat laittaa puvut ja takit\u00a0 heti matkalaukkuun, vatekaapiin tai laatikkon.<\/p>\n<p>On my\u00f6s tehokas jos haluaa t\u00e4ydent\u00e4\u00e4 Punasetri renkaaten kanssa.<\/p>\n<p>Mahtuu noin 10 ripustinta yhteen pussiin, voi k\u00e4ytt\u00e4\u00e4 ureileen monta kertaa.<\/p>\n<p>Paketti sis\u00e4lt\u00e4\u00e4: 2 kpl\u00a0 Vakuumis\u00e4ilytys pussia\u00a0 Compactor Clear, Mittat: L 70 cm x P 105 cm, Medium, L 70 cm x P 145 cm, Large.<\/p>\n","protected":false},"excerpt":{"rendered":"<p>Pieni\u00a0 paketti sis\u00e4lt\u00e4\u00e4: Punainen Setri\u00f6ljy, 75ml \u00a0pumppupullo + 4 kpl Punasetri lohkoja + Vaatekoi ansa.T\u00e4ydellinen yhdistelm\u00e4 miss\u00e4 on Punasetri lohkoja, Punasetri \u00f6ljy ja Vaatekoiansa! Sis\u00e4lt\u00e4\u00e4 1 kpl Vaatekoi ansa\/ pahvilaatikko ja sis\u00e4lt\u00e4\u00e4 liimalevyn, miss\u00e4 on feromonit, t\u00e4ysin hajuton\/myrkyt\u00f6n ja kest\u00e4\u00e4 noin 12 viikkoa. Aikaas\u00e4\u00e4st\u00e4v\u00e4\u00e4 spray pumppu. Punainen Setri\u00f6ljy pit\u00e4isi k\u00e4ytt\u00e4\u00e4 Punasetri lohkojen kanssa, kuin silloin [&hellip;]<\/p>\n","protected":false},"author":1,"featured_media":0,"parent":0,"menu_order":0,"comment_status":"open","ping_status":"open","template":"","meta":{"footnotes":""},"class_list":["post-2","page","type-page","status-publish","hentry"],"_links":{"self":[{"href":"https:\/\/punaseetri.com\/index.php?rest_route=\/wp\/v2\/pages\/2","targetHints":{"allow":["GET"]}}],"collection":[{"href":"https:\/\/punaseetri.com\/index.php?rest_route=\/wp\/v2\/pages"}],"about":[{"href":"https:\/\/punaseetri.com\/index.php?rest_route=\/wp\/v2\/types\/page"}],"author":[{"embeddable":true,"href":"https:\/\/punaseetri.com\/index.php?rest_route=\/wp\/v2\/users\/1"}],"replies":[{"embeddable":true,"href":"https:\/\/punaseetri.com\/index.php?rest_route=%2Fwp%2Fv2%2Fcomments&post=2"}],"version-history":[{"count":6,"href":"https:\/\/punaseetri.com\/index.php?rest_route=\/wp\/v2\/pages\/2\/revisions"}],"predecessor-version":[{"id":13,"href":"https:\/\/punaseetri.com\/index.php?rest_route=\/wp\/v2\/pages\/2\/revisions\/13"}],"wp:attachment":[{"href":"https:\/\/punaseetri.com\/index.php?rest_route=%2Fwp%2Fv2%2Fmedia&parent=2"}],"curies":[{"name":"wp","href":"https:\/\/api.w.org\/{rel}","templated":true}]}}